{"id":684,"date":"2021-05-07T10:08:22","date_gmt":"2021-05-07T10:08:22","guid":{"rendered":"https:\/\/tastyc-demo.bslthemes.com\/?page_id=684"},"modified":"2024-03-09T21:22:46","modified_gmt":"2024-03-09T21:22:46","slug":"blog","status":"publish","type":"page","link":"https:\/\/xn--szomszdsrc-04a6g.hu\/pecsenyesarok\/blog\/","title":{"rendered":"Blog"},"content":{"rendered":"\t\t<div data-elementor-type=\"wp-page\" data-elementor-id=\"684\" class=\"elementor elementor-684\">\n\t\t\t\t\t\t<section class=\"elementor-section elementor-top-section elementor-element elementor-element-76052ed elementor-section-boxed elementor-section-height-default elementor-section-height-default\" data-id=\"76052ed\" data-element_type=\"section\">\n\t\t\t\t\t\t<div class=\"elementor-container elementor-column-gap-default\">\n\t\t\t\t\t<div class=\"elementor-column elementor-col-100 elementor-top-column elementor-element elementor-element-6628878\" data-id=\"6628878\" data-element_type=\"column\">\n\t\t\t<div class=\"elementor-widget-wrap elementor-element-populated\">\n\t\t\t\t\t\t<div class=\"elementor-element elementor-element-f27881c elementor-widget elementor-widget-tastyc-blog-grid\" data-id=\"f27881c\" data-element_type=\"widget\" data-widget_type=\"tastyc-blog-grid.default\">\n\t\t\t\t<div class=\"elementor-widget-container\">\n\t\t\t\n\t\t<!-- container -->\n\t\t<div class=\"container\">\n\n\t\t<div class=\"row align-items-center\">\n\t\t            <div class=\"col-lg-12\">\n\n            <!-- title -->\n            <div class=\"text-center\">\n                            <div class=\"tst-suptitle tst-suptitle-center tst-mb-15\">\n              \t<span >\n\t\t        \tH\u00edreink\t\t        <\/span>\n              <\/div>\n                                          <h3 class=\"tst-title--h tst-mb-30\">\n              \t<span >\n\t\t        \tLegut\u00f3bbi publik\u00e1ci\u00f3ink\t\t        <\/span>\n              <\/h3>\n                                          <p class=\"tst-text tst-title--desc tst-mb-60\">\n              \t<span >\n\t\t        \tPorro eveniet, autem ipsam corrupti consectetur cum. <br>Repudiandae dignissimos fugiat sit nam.\t\t        <\/span>\n              <\/p>\n                          <\/div>\n            <!-- title end-->\n\n          <\/div>\n                                        <div class=\"col-lg-4\">\n            \n\n\n<!-- blog card -->\n<div class=\"tst-blog-card tst-mb-60\">\n\t<div id=\"post-1\" class=\"post-1 post type-post status-publish format-standard hentry category-uncategorized\">\n\t  \t  <div class=\"tst-descr\">\n\t    <h5 class=\"tst-mb-15\">\n\t    \t<a href=\"https:\/\/xn--szomszdsrc-04a6g.hu\/pecsenyesarok\/2024\/03\/09\/hello-world\/\" class=\"tst-anima-link\">Hello world!<\/a>\n\t    <\/h5>\n\t    \t    <div class=\"tst-date tst-date-m\">m\u00e1rcius 9, 2024<\/div>\n\t  \t\t    \t    <div class=\"tst-text\"><p>Welcome to WordPress. This is your first post. Edit or delete it, then start writing!<\/p>\n<\/div>\n\t    \t    <div class=\"tst-spacer-sm\"><\/div>\n\t    <div class=\"tst-post-bottom\">\n\t      <div class=\"tst-post-author\">\n\t      \t\t        <img decoding=\"async\" src=\"https:\/\/secure.gravatar.com\/avatar\/a2e759ddcf15b0afce4532a0adeebefa9f74608897ada2fd61cd918c7b3cb0ed?s=96&#038;d=mm&#038;r=g\" alt=\"admin\">\n\t    \t\t        <h6>admin<\/h6>\n\t      <\/div>\n\t      \t      <div class=\"tst-date\">m\u00e1rcius 9, 2024<\/div>\n\t  \t  \t    <\/div>\n\t  <\/div>\n\t<\/div>\n\t<!-- #post-1 -->\n<\/div>\n<!-- blog card end -->\n          <\/div>\n                    <div class=\"col-lg-4\">\n            \n\n\n<!-- blog card -->\n<div class=\"tst-blog-card tst-mb-60\">\n\t<div id=\"post-402\" class=\"post-402 post type-post status-publish format-standard has-post-thumbnail hentry category-deserts category-salads tag-food tag-organic tag-pub\">\n\t  \t  <a href=\"https:\/\/xn--szomszdsrc-04a6g.hu\/pecsenyesarok\/2021\/05\/01\/business-breakfast\/\" class=\"tst-cover-frame tst-anima-link\">\n\t    \t    <img decoding=\"async\" src=\"https:\/\/xn--szomszdsrc-04a6g.hu\/pecsenyesarok\/wp-content\/uploads\/2021\/05\/blog-6.jpg\" alt=\"Business Breakfast\">\n\t    \t    \t\t<div class=\"tst-card-badge\">\n\t\t\tDeserts, Salads\t\t<\/div>\n\t\t\t  <\/a>\n\t  \t  <div class=\"tst-descr\">\n\t    <h5 class=\"tst-mb-15\">\n\t    \t<a href=\"https:\/\/xn--szomszdsrc-04a6g.hu\/pecsenyesarok\/2021\/05\/01\/business-breakfast\/\" class=\"tst-anima-link\">Business Breakfast<\/a>\n\t    <\/h5>\n\t    \t    <div class=\"tst-date tst-date-m\">m\u00e1jus 1, 2021<\/div>\n\t  \t\t    \t    <div class=\"tst-text\"><p>Consectetur adipisicing elit. Soluta, impedit, saepe. Unde minima distinctio officiis amet temporibus, consequuntur dolorem dicta&#8230; <span class=\"tst-el-more\"><a href=\"https:\/\/xn--szomszdsrc-04a6g.hu\/pecsenyesarok\/2021\/05\/01\/business-breakfast\/\" class=\"tst-label tst-color tst-anima-link\">Read more<span class=\"screen-reader-text\">Read moreBusiness Breakfast<\/span><\/a><\/span><\/p>\n<\/div>\n\t    \t    <div class=\"tst-spacer-sm\"><\/div>\n\t    <div class=\"tst-post-bottom\">\n\t      <div class=\"tst-post-author\">\n\t      \t\t        <img decoding=\"async\" src=\"https:\/\/secure.gravatar.com\/avatar\/a2e759ddcf15b0afce4532a0adeebefa9f74608897ada2fd61cd918c7b3cb0ed?s=96&#038;d=mm&#038;r=g\" alt=\"admin\">\n\t    \t\t        <h6>admin<\/h6>\n\t      <\/div>\n\t      \t      <div class=\"tst-date\">m\u00e1jus 1, 2021<\/div>\n\t  \t  \t    <\/div>\n\t  <\/div>\n\t<\/div>\n\t<!-- #post-402 -->\n<\/div>\n<!-- blog card end -->\n          <\/div>\n                    <div class=\"col-lg-4\">\n            \n\n\n<!-- blog card -->\n<div class=\"tst-blog-card tst-mb-60\">\n\t<div id=\"post-400\" class=\"post-400 post type-post status-publish format-standard has-post-thumbnail hentry category-deserts tag-cake tag-chocolate tag-deserts\">\n\t  \t  <a href=\"https:\/\/xn--szomszdsrc-04a6g.hu\/pecsenyesarok\/2021\/05\/01\/pancakes-in-chocolate\/\" class=\"tst-cover-frame tst-anima-link\">\n\t    \t    <img decoding=\"async\" src=\"https:\/\/xn--szomszdsrc-04a6g.hu\/pecsenyesarok\/wp-content\/uploads\/2021\/05\/blog-5.jpg\" alt=\"Pancakes in Chocolate\">\n\t    \t    \t\t<div class=\"tst-card-badge\">\n\t\t\tDeserts\t\t<\/div>\n\t\t\t  <\/a>\n\t  \t  <div class=\"tst-descr\">\n\t    <h5 class=\"tst-mb-15\">\n\t    \t<a href=\"https:\/\/xn--szomszdsrc-04a6g.hu\/pecsenyesarok\/2021\/05\/01\/pancakes-in-chocolate\/\" class=\"tst-anima-link\">Pancakes in Chocolate<\/a>\n\t    <\/h5>\n\t    \t    <div class=\"tst-date tst-date-m\">m\u00e1jus 1, 2021<\/div>\n\t  \t\t    \t    <div class=\"tst-text\"><p>Consectetur adipisicing elit. Soluta, impedit, saepe. Unde minima distinctio officiis amet temporibus, consequuntur dolorem dicta&#8230; <span class=\"tst-el-more\"><a href=\"https:\/\/xn--szomszdsrc-04a6g.hu\/pecsenyesarok\/2021\/05\/01\/pancakes-in-chocolate\/\" class=\"tst-label tst-color tst-anima-link\">Read more<span class=\"screen-reader-text\">Read morePancakes in Chocolate<\/span><\/a><\/span><\/p>\n<\/div>\n\t    \t    <div class=\"tst-spacer-sm\"><\/div>\n\t    <div class=\"tst-post-bottom\">\n\t      <div class=\"tst-post-author\">\n\t      \t\t        <img decoding=\"async\" src=\"https:\/\/secure.gravatar.com\/avatar\/a2e759ddcf15b0afce4532a0adeebefa9f74608897ada2fd61cd918c7b3cb0ed?s=96&#038;d=mm&#038;r=g\" alt=\"admin\">\n\t    \t\t        <h6>admin<\/h6>\n\t      <\/div>\n\t      \t      <div class=\"tst-date\">m\u00e1jus 1, 2021<\/div>\n\t  \t  \t    <\/div>\n\t  <\/div>\n\t<\/div>\n\t<!-- #post-400 -->\n<\/div>\n<!-- blog card end -->\n          <\/div>\n                    <div class=\"col-lg-4\">\n            \n\n\n<!-- blog card -->\n<div class=\"tst-blog-card tst-mb-60\">\n\t<div id=\"post-396\" class=\"post-396 post type-post status-publish format-standard has-post-thumbnail hentry category-deserts tag-deserts tag-fastfood tag-food\">\n\t  \t  <a href=\"https:\/\/xn--szomszdsrc-04a6g.hu\/pecsenyesarok\/2021\/05\/01\/tuna-tomatoes-burger\/\" class=\"tst-cover-frame tst-anima-link\">\n\t    \t    <img decoding=\"async\" src=\"https:\/\/xn--szomszdsrc-04a6g.hu\/pecsenyesarok\/wp-content\/uploads\/2021\/05\/blog-4.jpg\" alt=\"Tuna &#038; Tomatoes\">\n\t    \t    \t\t<div class=\"tst-card-badge\">\n\t\t\tDeserts\t\t<\/div>\n\t\t\t  <\/a>\n\t  \t  <div class=\"tst-descr\">\n\t    <h5 class=\"tst-mb-15\">\n\t    \t<a href=\"https:\/\/xn--szomszdsrc-04a6g.hu\/pecsenyesarok\/2021\/05\/01\/tuna-tomatoes-burger\/\" class=\"tst-anima-link\">Tuna &#038; Tomatoes<\/a>\n\t    <\/h5>\n\t    \t    <div class=\"tst-date tst-date-m\">m\u00e1jus 1, 2021<\/div>\n\t  \t\t    \t    <div class=\"tst-text\"><p>Consectetur adipisicing elit. Soluta, impedit, saepe. Unde minima distinctio officiis amet temporibus, consequuntur dolorem dicta&#8230; <span class=\"tst-el-more\"><a href=\"https:\/\/xn--szomszdsrc-04a6g.hu\/pecsenyesarok\/2021\/05\/01\/tuna-tomatoes-burger\/\" class=\"tst-label tst-color tst-anima-link\">Read more<span class=\"screen-reader-text\">Read moreTuna &#038; Tomatoes<\/span><\/a><\/span><\/p>\n<\/div>\n\t    \t    <div class=\"tst-spacer-sm\"><\/div>\n\t    <div class=\"tst-post-bottom\">\n\t      <div class=\"tst-post-author\">\n\t      \t\t        <img decoding=\"async\" src=\"https:\/\/secure.gravatar.com\/avatar\/a2e759ddcf15b0afce4532a0adeebefa9f74608897ada2fd61cd918c7b3cb0ed?s=96&#038;d=mm&#038;r=g\" alt=\"admin\">\n\t    \t\t        <h6>admin<\/h6>\n\t      <\/div>\n\t      \t      <div class=\"tst-date\">m\u00e1jus 1, 2021<\/div>\n\t  \t  \t    <\/div>\n\t  <\/div>\n\t<\/div>\n\t<!-- #post-396 -->\n<\/div>\n<!-- blog card end -->\n          <\/div>\n                    <div class=\"col-lg-4\">\n            \n\n\n<!-- blog card -->\n<div class=\"tst-blog-card tst-mb-60\">\n\t<div id=\"post-394\" class=\"post-394 post type-post status-publish format-standard has-post-thumbnail hentry category-salads tag-cafe tag-food tag-meat\">\n\t  \t  <a href=\"https:\/\/xn--szomszdsrc-04a6g.hu\/pecsenyesarok\/2021\/05\/01\/creamy-chicken-alfredo\/\" class=\"tst-cover-frame tst-anima-link\">\n\t    \t    <img decoding=\"async\" src=\"https:\/\/xn--szomszdsrc-04a6g.hu\/pecsenyesarok\/wp-content\/uploads\/2021\/05\/blog-3.jpg\" alt=\"Creamy Chicken Alfredo\">\n\t    \t    \t\t<div class=\"tst-card-badge\">\n\t\t\tSalads\t\t<\/div>\n\t\t\t  <\/a>\n\t  \t  <div class=\"tst-descr\">\n\t    <h5 class=\"tst-mb-15\">\n\t    \t<a href=\"https:\/\/xn--szomszdsrc-04a6g.hu\/pecsenyesarok\/2021\/05\/01\/creamy-chicken-alfredo\/\" class=\"tst-anima-link\">Creamy Chicken Alfredo<\/a>\n\t    <\/h5>\n\t    \t    <div class=\"tst-date tst-date-m\">m\u00e1jus 1, 2021<\/div>\n\t  \t\t    \t    <div class=\"tst-text\"><p>Consectetur adipisicing elit. Soluta, impedit, saepe. Unde minima distinctio officiis amet temporibus, consequuntur dolorem dicta&#8230; <span class=\"tst-el-more\"><a href=\"https:\/\/xn--szomszdsrc-04a6g.hu\/pecsenyesarok\/2021\/05\/01\/creamy-chicken-alfredo\/\" class=\"tst-label tst-color tst-anima-link\">Read more<span class=\"screen-reader-text\">Read moreCreamy Chicken Alfredo<\/span><\/a><\/span><\/p>\n<\/div>\n\t    \t    <div class=\"tst-spacer-sm\"><\/div>\n\t    <div class=\"tst-post-bottom\">\n\t      <div class=\"tst-post-author\">\n\t      \t\t        <img decoding=\"async\" src=\"https:\/\/secure.gravatar.com\/avatar\/a2e759ddcf15b0afce4532a0adeebefa9f74608897ada2fd61cd918c7b3cb0ed?s=96&#038;d=mm&#038;r=g\" alt=\"admin\">\n\t    \t\t        <h6>admin<\/h6>\n\t      <\/div>\n\t      \t      <div class=\"tst-date\">m\u00e1jus 1, 2021<\/div>\n\t  \t  \t    <\/div>\n\t  <\/div>\n\t<\/div>\n\t<!-- #post-394 -->\n<\/div>\n<!-- blog card end -->\n          <\/div>\n                    <div class=\"col-lg-4\">\n            \n\n\n<!-- blog card -->\n<div class=\"tst-blog-card tst-mb-60\">\n\t<div id=\"post-392\" class=\"post-392 post type-post status-publish format-standard has-post-thumbnail hentry category-seafood tag-food tag-sea tag-soup\">\n\t  \t  <a href=\"https:\/\/xn--szomszdsrc-04a6g.hu\/pecsenyesarok\/2021\/05\/01\/air-fryer-salmon\/\" class=\"tst-cover-frame tst-anima-link\">\n\t    \t    <img decoding=\"async\" src=\"https:\/\/xn--szomszdsrc-04a6g.hu\/pecsenyesarok\/wp-content\/uploads\/2021\/05\/blog-2.jpg\" alt=\"Air Fryer Salmon\">\n\t    \t    \t\t<div class=\"tst-card-badge\">\n\t\t\tSeafood\t\t<\/div>\n\t\t\t  <\/a>\n\t  \t  <div class=\"tst-descr\">\n\t    <h5 class=\"tst-mb-15\">\n\t    \t<a href=\"https:\/\/xn--szomszdsrc-04a6g.hu\/pecsenyesarok\/2021\/05\/01\/air-fryer-salmon\/\" class=\"tst-anima-link\">Air Fryer Salmon<\/a>\n\t    <\/h5>\n\t    \t    <div class=\"tst-date tst-date-m\">m\u00e1jus 1, 2021<\/div>\n\t  \t\t    \t    <div class=\"tst-text\"><p>Consectetur adipisicing elit. Soluta, impedit, saepe. Unde minima distinctio officiis amet temporibus, consequuntur dolorem dicta&#8230; <span class=\"tst-el-more\"><a href=\"https:\/\/xn--szomszdsrc-04a6g.hu\/pecsenyesarok\/2021\/05\/01\/air-fryer-salmon\/\" class=\"tst-label tst-color tst-anima-link\">Read more<span class=\"screen-reader-text\">Read moreAir Fryer Salmon<\/span><\/a><\/span><\/p>\n<\/div>\n\t    \t    <div class=\"tst-spacer-sm\"><\/div>\n\t    <div class=\"tst-post-bottom\">\n\t      <div class=\"tst-post-author\">\n\t      \t\t        <img decoding=\"async\" src=\"https:\/\/secure.gravatar.com\/avatar\/a2e759ddcf15b0afce4532a0adeebefa9f74608897ada2fd61cd918c7b3cb0ed?s=96&#038;d=mm&#038;r=g\" alt=\"admin\">\n\t    \t\t        <h6>admin<\/h6>\n\t      <\/div>\n\t      \t      <div class=\"tst-date\">m\u00e1jus 1, 2021<\/div>\n\t  \t  \t    <\/div>\n\t  <\/div>\n\t<\/div>\n\t<!-- #post-392 -->\n<\/div>\n<!-- blog card end -->\n          <\/div>\n          \n          \t\t  <div class=\"col-lg-12\">\n\t\t    <!-- pagination -->\n\t\t    <div class=\"tst-a tst-pagination\">\n\t\t      \t<span aria-current=\"page\" class=\"page-numbers current\">1<\/span>\n<a class=\"page-numbers\" href=\"https:\/\/xn--szomszdsrc-04a6g.hu\/pecsenyesarok\/wp-json\/wp\/v2\/pages\/684\/page\/2\/\">2<\/a>\n<a class=\"next page-numbers\" href=\"https:\/\/xn--szomszdsrc-04a6g.hu\/pecsenyesarok\/wp-json\/wp\/v2\/pages\/684\/page\/2\/\">Next<\/a>\t\t    <\/div>\n\t\t    <!-- pagination end -->\n\t\t  <\/div>\n\t\t  \n\t\t                    <\/div>\n\n        <div class=\"tst-spacer\"><\/div>\n\n    \t<\/div>\n\n\t\t\t\t<\/div>\n\t\t\t\t<\/div>\n\t\t\t\t\t<\/div>\n\t\t<\/div>\n\t\t\t\t\t<\/div>\n\t\t<\/section>\n\t\t\t\t<section class=\"elementor-section elementor-top-section elementor-element elementor-element-038211e elementor-section-full_width elementor-section-height-default elementor-section-height-default\" data-id=\"038211e\" data-element_type=\"section\">\n\t\t\t\t\t\t<div class=\"elementor-container elementor-column-gap-no\">\n\t\t\t\t\t<div class=\"elementor-column elementor-col-100 elementor-top-column elementor-element elementor-element-e5a925c\" data-id=\"e5a925c\" data-element_type=\"column\">\n\t\t\t<div class=\"elementor-widget-wrap elementor-element-populated\">\n\t\t\t\t\t\t<div class=\"elementor-element elementor-element-2f99ff9 elementor-widget elementor-widget-tastyc-subscribe-form\" data-id=\"2f99ff9\" data-element_type=\"widget\" data-widget_type=\"tastyc-subscribe-form.default\">\n\t\t\t\t<div class=\"elementor-widget-container\">\n\t\t\t\n\t\t<!-- container -->\n\t\t<div class=\"container\">\n\n\t\t<div class=\"tst-banner-sm\">\n                    <div class=\"tst-cover-frame\">\n          \t            <img decoding=\"async\" src=\"https:\/\/xn--szomszdsrc-04a6g.hu\/pecsenyesarok\/wp-content\/uploads\/2021\/04\/gallery-i-6.jpg\" alt=\"H\u00edrlev\u00e9l\" class=\"tst-cover\">\n        \t            <div class=\"tst-overlay\"><\/div>\n          <\/div>\n                    <div class=\"row align-items-center\">\n            <div class=\"col-lg-12\">\n              <div class=\"tst-text-frame text-center\">\n              \t                <div class=\"tst-suptitle tst-suptitle-mobile-center tst-suptitle-center tst-text-shadow tst-white-2 tst-mb-15\">\n                \t<span >\n\t\t          \t\tH\u00edrlev\u00e9l\t\t         \t<\/span>\n                <\/div>\n                                                <h4 class=\"tst-title--h tst-white-2 tst-text-shadow tst-mb-30\">\n            \t\t<span >\n\t\t          \t\tIratkozzon fel h\u00edrlevel\u00fcnkre, \u00edgy sosem fog lemaradni aktu\u00e1lis akci\u00f3inkr\u00f3l!\t\t         \t<\/span>\n            \t<\/h4>\n            \t                                <p class=\"tst-text tst-white-2 tst-text-shadow tst-mb-30\">\n                \t<span >\n\t\t          \t\tA h\u00edrlev\u00e9lre val\u00f3 feliratkoz\u00e1ssal elfogadja adatkezel\u00e9si t\u00e1j\u00e9koztat\u00f3nkat melyet IDE KATTINTVA olvashat el\t\t         \t<\/span>\n                <\/p>\n                                                \t\n<div class=\"wpcf7 no-js\" id=\"wpcf7-f368-o1\" lang=\"en-US\" dir=\"ltr\">\n<div class=\"screen-reader-response\"><p role=\"status\" aria-live=\"polite\" aria-atomic=\"true\"><\/p> <ul><\/ul><\/div>\n<form action=\"\/pecsenyesarok\/wp-json\/wp\/v2\/pages\/684#wpcf7-f368-o1\" method=\"post\" class=\"wpcf7-form init\" aria-label=\"Contact form\" novalidate=\"novalidate\" data-status=\"init\">\n<div style=\"display: none;\">\n<input type=\"hidden\" name=\"_wpcf7\" value=\"368\" \/>\n<input type=\"hidden\" name=\"_wpcf7_version\" value=\"5.9.8\" \/>\n<input type=\"hidden\" name=\"_wpcf7_locale\" value=\"en_US\" \/>\n<input type=\"hidden\" name=\"_wpcf7_unit_tag\" value=\"wpcf7-f368-o1\" \/>\n<input type=\"hidden\" name=\"_wpcf7_container_post\" value=\"0\" \/>\n<input type=\"hidden\" name=\"_wpcf7_posted_data_hash\" value=\"\" \/>\n<\/div>\n<span class=\"wpcf7-form-control-wrap\" data-name=\"sf_email\"><input size=\"40\" maxlength=\"400\" class=\"wpcf7-form-control wpcf7-email wpcf7-validates-as-required wpcf7-text wpcf7-validates-as-email\" aria-required=\"true\" aria-invalid=\"false\" placeholder=\"Enter your email here\" value=\"\" type=\"email\" name=\"sf_email\" \/><\/span>\n<button class=\"tst-btn\" type=\"submit\">Subscribe<\/button><div class=\"wpcf7-response-output\" aria-hidden=\"true\"><\/div>\n<\/form>\n<\/div>\n                              <\/div>\n            <\/div>\n          <\/div>\n        <\/div>\n\n\t\t<\/div>\n\t\t<!-- container end -->\n\n\t\t\t\t<\/div>\n\t\t\t\t<\/div>\n\t\t\t\t\t<\/div>\n\t\t<\/div>\n\t\t\t\t\t<\/div>\n\t\t<\/section>\n\t\t\t\t<\/div>\n\t\t","protected":false},"excerpt":{"rendered":"<p>H\u00edreink Legut\u00f3bbi publik\u00e1ci\u00f3ink Porro eveniet, autem ipsam corrupti consectetur cum. Repudiandae dignissimos fugiat sit nam&#8230;. <span class=\"tst-el-more\"><a href=\"https:\/\/xn--szomszdsrc-04a6g.hu\/pecsenyesarok\/2021\/05\/01\/air-fryer-salmon\/\" class=\"tst-label tst-color tst-anima-link\">Read more<span class=\"screen-reader-text\">Read moreAir Fryer Salmon<\/span><\/a><\/span><\/p>\n","protected":false},"author":1,"featured_media":0,"parent":0,"menu_order":0,"comment_status":"closed","ping_status":"closed","template":"template-layout-builder.php","meta":{"footnotes":""},"class_list":["post-684","page","type-page","status-publish","hentry"],"acf":[],"_links":{"self":[{"href":"https:\/\/xn--szomszdsrc-04a6g.hu\/pecsenyesarok\/wp-json\/wp\/v2\/pages\/684","targetHints":{"allow":["GET"]}}],"collection":[{"href":"https:\/\/xn--szomszdsrc-04a6g.hu\/pecsenyesarok\/wp-json\/wp\/v2\/pages"}],"about":[{"href":"https:\/\/xn--szomszdsrc-04a6g.hu\/pecsenyesarok\/wp-json\/wp\/v2\/types\/page"}],"author":[{"embeddable":true,"href":"https:\/\/xn--szomszdsrc-04a6g.hu\/pecsenyesarok\/wp-json\/wp\/v2\/users\/1"}],"replies":[{"embeddable":true,"href":"https:\/\/xn--szomszdsrc-04a6g.hu\/pecsenyesarok\/wp-json\/wp\/v2\/comments?post=684"}],"version-history":[{"count":9,"href":"https:\/\/xn--szomszdsrc-04a6g.hu\/pecsenyesarok\/wp-json\/wp\/v2\/pages\/684\/revisions"}],"predecessor-version":[{"id":1690,"href":"https:\/\/xn--szomszdsrc-04a6g.hu\/pecsenyesarok\/wp-json\/wp\/v2\/pages\/684\/revisions\/1690"}],"wp:attachment":[{"href":"https:\/\/xn--szomszdsrc-04a6g.hu\/pecsenyesarok\/wp-json\/wp\/v2\/media?parent=684"}],"curies":[{"name":"wp","href":"https:\/\/api.w.org\/{rel}","templated":true}]}}