{"id":646,"date":"2019-01-22T08:12:19","date_gmt":"2019-01-22T08:12:19","guid":{"rendered":"http:\/\/droitthemes.com\/wp\/mak\/?page_id=646"},"modified":"2024-03-08T13:11:42","modified_gmt":"2024-03-08T13:11:42","slug":"classic-light-2","status":"publish","type":"page","link":"https:\/\/xn--szomszdsrc-04a6g.hu\/kardossgeza\/","title":{"rendered":"F\u0151oldal"},"content":{"rendered":"\t\t<div data-elementor-type=\"wp-post\" data-elementor-id=\"646\" class=\"elementor elementor-646\">\n\t\t\t\t\t\t<section class=\"elementor-section elementor-top-section elementor-element elementor-element-f547d19 elementor-section-full_width elementor-section-height-default elementor-section-height-default\" data-id=\"f547d19\" data-element_type=\"section\" id=\"home\" data-settings=\"{&quot;background_background&quot;:&quot;classic&quot;}\">\n\t\t\t\t\t\t<div class=\"elementor-container elementor-column-gap-no\">\n\t\t\t\t\t<div class=\"elementor-column elementor-col-100 elementor-top-column elementor-element elementor-element-9f377fa\" data-id=\"9f377fa\" data-element_type=\"column\">\n\t\t\t<div class=\"elementor-widget-wrap elementor-element-populated\">\n\t\t\t\t\t\t<div class=\"elementor-element elementor-element-7288483 elementor-widget elementor-widget-banner\" data-id=\"7288483\" data-element_type=\"widget\" data-widget_type=\"banner.default\">\n\t\t\t\t<div class=\"elementor-widget-container\">\n\t\t\t\t\t\t<section class=\"hero_wrap mak_hero_wrap\">\n\t\t\t    <div class=\"container\">\n\t\t\t        <div class=\"row\">\n\t\t\t            <div class=\"col-md-5 col-sm-5 col-xs-12 hero_text_content\">\n\t\t\t            \t<h2 class=\"hero_name wow fadeInLeft\" data-wow-delay=\"0.4s\">K\u00f6sz\u00f6ntj\u00fck a Kardoss G\u00e9za Alap\u00edtv\u00e1ny honlapj\u00e1n<\/h2><h4 class=\"hero_catagory wow fadeInLeft\" data-wow-delay=\"0.5s\">\u00a0<\/h4><div class=\"hero_btn wow fadeInLeft\" data-wow-delay=\"0.6s\"><a href=\"\/kardossgeza\/dijazottjaink\/\" class=\"btn btn_glob hair_btn btn_yellow\">D\u00edjazottjaink<\/a><\/div>\t\t\t            <\/div>\n\t\t\t            <div class=\"col-md-7 col-sm-7 col-xs-12 hero_img wow fadeInRight\" data-wow-delay=\"0.8s\"><img decoding=\"async\" src=\"https:\/\/xn--szomszdsrc-04a6g.hu\/kardossgeza\/wp-content\/uploads\/2024\/02\/kardossgeza-1.png\" alt=\"Kardoss G\u00e9za Alap\u00edtv\u00e1ny\" class=\"img-responsive\"><\/div>\t\t\t        <\/div>\n\t\t\t    <\/div>\n\t\t\t<\/section>\n\t\t\t\t\t\t<\/div>\n\t\t\t\t<\/div>\n\t\t\t\t\t<\/div>\n\t\t<\/div>\n\t\t\t\t\t<\/div>\n\t\t<\/section>\n\t\t\t\t<section class=\"elementor-section elementor-top-section elementor-element elementor-element-03857fe elementor-section-full_width elementor-section-height-default elementor-section-height-default\" data-id=\"03857fe\" data-element_type=\"section\">\n\t\t\t\t\t\t<div class=\"elementor-container elementor-column-gap-no\">\n\t\t\t\t\t<div class=\"elementor-column elementor-col-100 elementor-top-column elementor-element elementor-element-8b0add8\" data-id=\"8b0add8\" data-element_type=\"column\">\n\t\t\t<div class=\"elementor-widget-wrap elementor-element-populated\">\n\t\t\t\t\t\t<div class=\"elementor-element elementor-element-50e1cdb elementor-invisible elementor-widget elementor-widget-about\" data-id=\"50e1cdb\" data-element_type=\"widget\" id=\"about-us\" data-settings=\"{&quot;_animation&quot;:&quot;fadeInLeft&quot;}\" data-widget_type=\"about.default\">\n\t\t\t\t<div class=\"elementor-widget-container\">\n\t\t\t\t\t\t<section class=\"about_wrap\">\n\t\t\t    <div class=\"container\">\n\t\t\t        <div class=\"row d_flex\">\n\t\t\t        \t\t\t\t\t            <div class=\"col-sm-5 col-xs-12\">\n\t\t\t\t                <div class=\"about_img_shap d_flex\">\n\t\t\t\t\t                <div class=\"about_img_shap_inner\">\n\t\t\t\t\t                    <h2 class=\"sec_title\">R\u00f3lunk<\/h2> \n\t\t\t\t\t                <\/div>\n\t\t\t\t                <\/div>\n\t\t\t\t            <\/div>\n\t\t\t        \t\n\t\t\t        \t\t\t\t\t            <div class=\"col-sm-7 col-xs-12 about_content\">\n\t\t\t\t            \t<p>Lorem ipsum dolor sit amet, consectetur adipisicing elit, sed do eiusmod tempor incididunt ut labore et dolore magna aliqua. Ut enim ad minim veniam, quis nostrud exercitation ullamco laboris nisi ut aliquip ex ea commodo consequat.<\/p><p>Duis aute irure dolor in reprehenderit in voluptate velit esse cillum dolore eu fugiat nu pariatur excepteur sint occaecat.<\/p>\t\t\t\t            \t\t\t\t\t\t                <div class=\"btn_group\">\n\t\t\t\t\t                \t<a href=\"\/kardossgeza\/dijazottjaink\/\" class=\"btn btn_glob btn_yellow\">D\u00edjazottjaink<\/a><a href=\"\/kardossgeza\/tamogatas\/\" class=\"btn btn_glob btn_download\">T\u00e1mogat\u00e1s<\/a>\t\t\t\t\t                <\/div>\n\t\t\t\t            \t\t\t\t\t            <\/div>\n\t\t\t        \t\t\t\t        <\/div>\n\t\t\t    <\/div>\n\t\t\t<\/section>\n\t\t\t\t\t\t\t\t<\/div>\n\t\t\t\t<\/div>\n\t\t\t\t\t<\/div>\n\t\t<\/div>\n\t\t\t\t\t<\/div>\n\t\t<\/section>\n\t\t<div class=\"elementor-element elementor-element-79d27f6 e-con-full e-flex e-con e-parent\" data-id=\"79d27f6\" data-element_type=\"container\" data-settings=\"{&quot;content_width&quot;:&quot;full&quot;}\" data-core-v316-plus=\"true\">\n\t\t\t\t<div class=\"elementor-element elementor-element-e8de81c elementor-invisible elementor-widget elementor-widget-html\" data-id=\"e8de81c\" data-element_type=\"widget\" data-settings=\"{&quot;_animation&quot;:&quot;fadeInRight&quot;}\" data-widget_type=\"html.default\">\n\t\t\t\t<div class=\"elementor-widget-container\">\n\t\t\t<div class=\"count_sec center_content\"> \r\n<div style=\"text-align: center;\">\r\n  <span style=\"display: inline-block; position: relative;\">\r\n    <h2 class=\"sec_title\"><font color=\"#2e4c76\">T\u00e1mogat\u00f3ink<\/font><\/h2>\r\n    <span style=\"position: absolute; left: 50%; transform: translateX(-50%); bottom: 35px; width: 110px; height: 4px; background-color: #2e4c76;\"><\/span>\r\n  <\/span>\r\n<\/div>\r\n\r\n<div style=\"width:80%; margin:auto; display: flex; justify-content:space-evenly; flex-wrap: wrap;\">\r\n   <a href=\"https:\/\/bgazrt.hu\/tamogatasok\/nemzeti-egyuttmukodesi-alap\/\" target=\"_blank\"><img decoding=\"async\" src=\"\/kardossgeza\/wp-content\/uploads\/2024\/02\/NEA_1.png\"><\/a>\r\n   <a href=\"https:\/\/bgazrt.hu\/\" target=\"_blank\"><img decoding=\"async\" src=\"\/kardossgeza\/wp-content\/uploads\/2024\/02\/BGALAPKEZELO_1.png\"\"><\/a>\r\n   <a href=\"http:\/\/csokonaiszinhaz.hu\/\" target=\"_blank\"><img decoding=\"async\" src=\"\/kardossgeza\/wp-content\/uploads\/2024\/02\/CSNA_1.png\"><\/a>\r\n   <a href=\"https:\/\/nemzetitehetsegprogram.hu\/\" target=\"_blank\"><img decoding=\"async\" src=\"\/kardossgeza\/wp-content\/uploads\/2024\/02\/miniszterelnokseg_1.png\" height=\"100\"><\/a>\r\n\r\n    <\/div>\r\n<\/div>\r\n\t\t<\/div>\n\t\t\t\t<\/div>\n\t\t\t\t<\/div>\n\t\t\t\t<section class=\"elementor-section elementor-top-section elementor-element elementor-element-f932bb9 elementor-section-full_width elementor-section-height-default elementor-section-height-default\" data-id=\"f932bb9\" data-element_type=\"section\">\n\t\t\t\t\t\t<div class=\"elementor-container elementor-column-gap-no\">\n\t\t\t\t\t<div class=\"elementor-column elementor-col-100 elementor-top-column elementor-element elementor-element-f3e44d6\" data-id=\"f3e44d6\" data-element_type=\"column\">\n\t\t\t<div class=\"elementor-widget-wrap elementor-element-populated\">\n\t\t\t\t\t\t<div class=\"elementor-element elementor-element-9c7fa12 elementor-invisible elementor-widget elementor-widget-contact-us\" data-id=\"9c7fa12\" data-element_type=\"widget\" data-settings=\"{&quot;_animation&quot;:&quot;fadeInUp&quot;}\" data-widget_type=\"contact-us.default\">\n\t\t\t\t<div class=\"elementor-widget-container\">\n\t\t\t\t\t    <!--=============Start contact section===========-->\n\t\t    <div class=\"contact contact_wrap\">\n\t\t        <div class=\"container\">\n\t\t        \t\t\t\t            <div class=\"count_sec center_content\">\n\t\t\t            \t<h2 class=\"sec_title\">K\u00e9rd\u00e9se van? \u00cdrjon nek\u00fcnk \u00fczenetet!<\/h2>\t\t\t                \n\t\t\t            <\/div>\n\t\t        \t\t\t            <div class=\"row\">\n\t\t                <div class=\"col-sm-4\">\n\t\t                    <div class=\"con_info_wrap\">\n\t\t                    \t<h4 class=\"info_title\">Kapcsolati inform\u00e1ci\u00f3k<\/h4>\t\t                        \n\t\t                        \t\t\t                        <ul class=\"con_info_menu\">\n\t\t\t\t\t\t\t\t\t\t\n\t\t\t\t\t\t\t\t\t\t<li><span class=\"icon\"><i class=\"fa fa-map-marker\"><\/i><\/span><span class=\"con_info_text\"><p><span style=\"color: #2e4c76\">4028, Debrecen Kardoss G\u00e9za Alap\u00edtv\u00e1ny<\/span><\/p><\/span><\/li><li><span class=\"icon\"><i class=\"fa fa-envelope\"><\/i><\/span><span class=\"con_info_text\"><p><span style=\"color: #2e4c76\"><a style=\"color: #2e4c76\" href=\"mailto:info@kardossgeza.hu\">info@kardossgeza.hu<\/a><\/span><\/p><\/span><\/li><li><span class=\"icon\"><i class=\"fa fa-phone\"><\/i><\/span><span class=\"con_info_text\"><p><span style=\"color: #2e4c76\"><a style=\"color: #2e4c76\" href=\"tel:+36309452213\">+36309452213<\/a><\/span><\/p><\/span><\/li><li><span class=\"icon\"><i class=\"fa fa-globe\"><\/i><\/span><span class=\"con_info_text\"><p><span style=\"color: #2e4c76\"><a style=\"color: #2e4c76\" href=\"http:\/\/www.kardossgeza.hu\">www.kardossgeza.hu<\/a><\/span><\/p><\/span><\/li>\t\t\t                            \n\t\t\t                        <\/ul>\n\t\t                    \t\n\t\t\t\t\t\t\t\t<h5 class=\"followTitle\">K\u00f6vesse munk\u00e1ss\u00e1gunk<\/h5>\t\t                        \n\t\t                        \t\t\t                        <ul class=\"followLink\">\n\n\t\t\t                        \t<li><a href=\"#\"><i class=\"fa fa-facebook\"><\/i><\/a><\/li>\t\t\t                            \n\t\t\t                        <\/ul>\n\t\t                    \t\t\t                    <\/div>\n\t\t                    \n\t\t                <\/div>\n\n\t\t                \t\t\t                <div class=\"col-sm-8\">\n\t\t\t                \t<div id=\"contact-form\" class=\"contact-form\">\n\t\t\t                    \t\n<div class=\"wpcf7 no-js\" id=\"wpcf7-f484-o1\" lang=\"en-US\" dir=\"ltr\">\n<div class=\"screen-reader-response\"><p role=\"status\" aria-live=\"polite\" aria-atomic=\"true\"><\/p> <ul><\/ul><\/div>\n<form action=\"\/kardossgeza\/wp-json\/wp\/v2\/pages\/646#wpcf7-f484-o1\" method=\"post\" class=\"wpcf7-form init\" aria-label=\"Contact form\" novalidate=\"novalidate\" data-status=\"init\">\n<div style=\"display: none;\">\n<input type=\"hidden\" name=\"_wpcf7\" value=\"484\" \/>\n<input type=\"hidden\" name=\"_wpcf7_version\" value=\"5.8.7\" \/>\n<input type=\"hidden\" name=\"_wpcf7_locale\" value=\"en_US\" \/>\n<input type=\"hidden\" name=\"_wpcf7_unit_tag\" value=\"wpcf7-f484-o1\" \/>\n<input type=\"hidden\" name=\"_wpcf7_container_post\" value=\"0\" \/>\n<input type=\"hidden\" name=\"_wpcf7_posted_data_hash\" value=\"\" \/>\n<\/div>\n<div class=\"row\">\n\t<div class=\"col-md-12 col-sm-12 col-xs-12\">\n\t\t<div class=\"form-group\">\n\t\t\t<p><label for=\"form-name\">N\u00e9v<\/label><br \/>\n<span class=\"wpcf7-form-control-wrap\" data-name=\"contactName\"><input size=\"40\" class=\"wpcf7-form-control wpcf7-text wpcf7-validates-as-required form-control contact-name\" id=\"form-name\" aria-required=\"true\" aria-invalid=\"false\" placeholder=\"Adja meg a nev\u00e9t\" value=\"\" type=\"text\" name=\"contactName\" \/><\/span>\n\t\t\t<\/p>\n\t\t<\/div>\n\t<\/div>\n\t<div class=\"col-md-6 col-sm-6 col-xs-12\">\n\t\t<div class=\"form-group\">\n\t\t\t<p><label for=\"form-Number\">Telefonsz\u00e1m<\/label><br \/>\n<span class=\"wpcf7-form-control-wrap\" data-name=\"contactPhone\"><input size=\"40\" class=\"wpcf7-form-control wpcf7-text wpcf7-validates-as-required form-control contact-phone\" id=\"form-Number\" aria-required=\"true\" aria-invalid=\"false\" placeholder=\"\u00cdrja be a telefonsz\u00e1m\u00e1t\" value=\"\" type=\"text\" name=\"contactPhone\" \/><\/span>\n\t\t\t<\/p>\n\t\t<\/div>\n\t<\/div>\n\t<div class=\"col-md-6 col-sm-6 col-xs-12\">\n\t\t<div class=\"form-group\">\n\t\t\t<p><label for=\"form-email\">E-mail<\/label><br \/>\n<span class=\"wpcf7-form-control-wrap\" data-name=\"contactMail\"><input size=\"40\" class=\"wpcf7-form-control wpcf7-email wpcf7-validates-as-required wpcf7-text wpcf7-validates-as-email form-control contact-mail\" id=\"form-email\" aria-required=\"true\" aria-invalid=\"false\" placeholder=\"Adja meg az e-mail c\u00edm\u00e9t\" value=\"\" type=\"email\" name=\"contactMail\" \/><\/span>\n\t\t\t<\/p>\n\t\t<\/div>\n\t<\/div>\n<\/div>\n<div class=\"form-group\">\n\t<p><label for=\"form-message\">Az \u00f6n \u00fczenete sz\u00e1munkra<\/label><br \/>\n<span class=\"wpcf7-form-control-wrap\" data-name=\"contactMessage\"><textarea cols=\"40\" rows=\"10\" class=\"wpcf7-form-control wpcf7-textarea form-control contact-message\" id=\"form-message\" aria-invalid=\"false\" placeholder=\"\u00cdrja le gondolatait\" name=\"contactMessage\"><\/textarea><\/span>\n\t<\/p>\n<\/div>\n<div class=\"btn_center\">\n\t<p><input class=\"wpcf7-form-control wpcf7-submit has-spinner submit_btn\" type=\"submit\" value=\"\u00dczenet elk\u00fcld\u00e9se\" \/>\n\t<\/p>\n<\/div><div class=\"wpcf7-response-output\" aria-hidden=\"true\"><\/div>\n<\/form>\n<\/div>\n\t\t\t                \t<\/div>\n\t\t\t                <\/div>\n\t\t\t            \t\t            <\/div>\n\t\t        <\/div>\n\t\t    <\/div>\n\t\t    <!-- End contact -->\n\t\t\t\t\t\t<\/div>\n\t\t\t\t<\/div>\n\t\t\t\t\t<\/div>\n\t\t<\/div>\n\t\t\t\t\t<\/div>\n\t\t<\/section>\n\t\t\t\t<\/div>\n\t\t","protected":false},"excerpt":{"rendered":"<p>K\u00f6sz\u00f6ntj\u00fck a Kardoss G\u00e9za Alap\u00edtv\u00e1ny honlapj\u00e1n \u00a0 D\u00edjazottjaink R\u00f3lunk Lorem ipsum dolor sit amet, consectetur adipisicing elit, sed do eiusmod tempor incididunt ut labore et dolore magna aliqua. Ut enim ad minim veniam, quis nostrud exercitation ullamco laboris nisi ut aliquip ex ea commodo consequat. Duis aute irure dolor in reprehenderit in voluptate velit esse<\/p>\n","protected":false},"author":1,"featured_media":0,"parent":0,"menu_order":0,"comment_status":"closed","ping_status":"closed","template":"elementor_header_footer","meta":{"_monsterinsights_skip_tracking":false,"_monsterinsights_sitenote_active":false,"_monsterinsights_sitenote_note":"","_monsterinsights_sitenote_category":0,"footnotes":""},"class_list":["post-646","page","type-page","status-publish","hentry"],"aioseo_notices":[],"_links":{"self":[{"href":"https:\/\/xn--szomszdsrc-04a6g.hu\/kardossgeza\/wp-json\/wp\/v2\/pages\/646","targetHints":{"allow":["GET"]}}],"collection":[{"href":"https:\/\/xn--szomszdsrc-04a6g.hu\/kardossgeza\/wp-json\/wp\/v2\/pages"}],"about":[{"href":"https:\/\/xn--szomszdsrc-04a6g.hu\/kardossgeza\/wp-json\/wp\/v2\/types\/page"}],"author":[{"embeddable":true,"href":"https:\/\/xn--szomszdsrc-04a6g.hu\/kardossgeza\/wp-json\/wp\/v2\/users\/1"}],"replies":[{"embeddable":true,"href":"https:\/\/xn--szomszdsrc-04a6g.hu\/kardossgeza\/wp-json\/wp\/v2\/comments?post=646"}],"version-history":[{"count":204,"href":"https:\/\/xn--szomszdsrc-04a6g.hu\/kardossgeza\/wp-json\/wp\/v2\/pages\/646\/revisions"}],"predecessor-version":[{"id":1259,"href":"https:\/\/xn--szomszdsrc-04a6g.hu\/kardossgeza\/wp-json\/wp\/v2\/pages\/646\/revisions\/1259"}],"wp:attachment":[{"href":"https:\/\/xn--szomszdsrc-04a6g.hu\/kardossgeza\/wp-json\/wp\/v2\/media?parent=646"}],"curies":[{"name":"wp","href":"https:\/\/api.w.org\/{rel}","templated":true}]}}