{"id":1164,"date":"2024-02-26T13:50:44","date_gmt":"2024-02-26T13:50:44","guid":{"rendered":"https:\/\/xn--szomszdsrc-04a6g.hu\/kardossgeza\/?page_id=1164"},"modified":"2024-02-26T14:43:10","modified_gmt":"2024-02-26T14:43:10","slug":"tamogatas","status":"publish","type":"page","link":"https:\/\/xn--szomszdsrc-04a6g.hu\/kardossgeza\/tamogatas\/","title":{"rendered":"T\u00e1mogat\u00e1s"},"content":{"rendered":"\n<figure class=\"wp-block-image size-large\"><img fetchpriority=\"high\" decoding=\"async\" width=\"1024\" height=\"683\" src=\"https:\/\/xn--szomszdsrc-04a6g.hu\/kardossgeza\/wp-content\/uploads\/2024\/02\/curtain-1024x683.jpg\" alt=\"\" class=\"wp-image-1186\" srcset=\"https:\/\/xn--szomszdsrc-04a6g.hu\/kardossgeza\/wp-content\/uploads\/2024\/02\/curtain-1024x683.jpg 1024w, https:\/\/xn--szomszdsrc-04a6g.hu\/kardossgeza\/wp-content\/uploads\/2024\/02\/curtain-300x200.jpg 300w, https:\/\/xn--szomszdsrc-04a6g.hu\/kardossgeza\/wp-content\/uploads\/2024\/02\/curtain-768x512.jpg 768w, https:\/\/xn--szomszdsrc-04a6g.hu\/kardossgeza\/wp-content\/uploads\/2024\/02\/curtain-1536x1024.jpg 1536w, https:\/\/xn--szomszdsrc-04a6g.hu\/kardossgeza\/wp-content\/uploads\/2024\/02\/curtain-2048x1365.jpg 2048w\" sizes=\"(max-width: 1024px) 100vw, 1024px\" \/><\/figure>\n\n\n\n<p class=\"has-large-font-size\"><strong>Tisztelt Sz\u00ednh\u00e1zkedvel\u0151!<\/strong><\/p>\n\n\n\n<p class=\"has-text-align-left has-medium-font-size\">Az 19990-ben l\u00e9trehozott Kardoss G\u00e9za Alap\u00edtv\u00e1ny k\u00fcl\u00f6nd\u00edja az adott \u00e9vadban kimagasl\u00f3 m\u0171v\u00e9szeti teljes\u00edtm\u00e9nyt ny\u00fajt\u00f3 35 \u00e9ven aluli sz\u00ednm\u0171v\u00e9szt illeti meg.<\/p>\n\n\n\n<p class=\"has-text-align-left has-medium-font-size\">Mivel a t\u00e1rsulat tagjai d\u00f6ntenek a d\u00edj oda\u00edt\u00e9l\u00e9s\u00e9r\u0151l, ez a legn\u00edv\u00f3sabb szakmai elismer\u00e9si lehet\u0151s\u00e9g az ifj\u00fa sz\u00edn\u00e9szek sz\u00e1m\u00e1ra.<\/p>\n\n\n\n<p class=\"has-text-align-left has-medium-font-size\">Egyben ir\u00e1nymutat\u00e1sk\u00e9nt is szolg\u00e1l a k\u00f6z\u00f6ss\u00e9gnek, hogy tud-e az adott szervezet p\u00e9ldak\u00e9pet, kimagasl\u00f3 \u00e9letm\u0171vet, tevek\u00e9nys\u00e9get felmutatni a k\u00f6z\u00f6ss\u00e9g t\u00f6bbi tagja el\u00e9, \u00f6szt\u00f6k\u00e9l\u0151 p\u00e9ldak\u00e9nt.<\/p>\n\n\n\n<p class=\"has-text-align-left has-medium-font-size\">Ad\u00f3ja 1%-val r\u00e9szese lenne annak az \u00f6szt\u00f6nz\u00e9snek, amelynek eredm\u00e9nyek\u00e9nt olyan k\u00edv\u00e1l\u00f3 sz\u00ednm\u0171v\u00e9szeket tudhatunk magunknak, mint<\/p>\n\n\n\n<p class=\"has-text-align-center has-medium-font-size\"><strong><em>Szente Vajk, Lapis Erika, S\u00e1rk\u00f6zi-Nagy Ilona, Papp Istv\u00e1n, M\u00e9sz\u00e1ros Ibolya, R\u00f3zsa L\u00e1szl\u00f3, Nagy Kira vagy legut\u00f3bb Hajd\u00fa Imelda\u2026<\/em><\/strong><\/p>\n\n\n\n<p class=\"has-medium-font-size\">Harminc \u00e9ve elk\u00f6telezett nemes feladatunk az alap\u00edtv\u00e1ny fenntart\u00e1sa, ez\u00e9rt\u2026<\/p>\n\n\n\n<p class=\"has-text-align-center has-large-font-size\">Ad\u00f3sz\u00e1munk: 19122373-1-09<\/p>\n\n\n\n<p class=\"has-text-align-center has-large-font-size\"><strong>K\u00f6sz\u00f6nj\u00fck!<\/strong><\/p>\n","protected":false},"excerpt":{"rendered":"<p>Tisztelt Sz\u00ednh\u00e1zkedvel\u0151! Az 19990-ben l\u00e9trehozott Kardoss G\u00e9za Alap\u00edtv\u00e1ny k\u00fcl\u00f6nd\u00edja az adott \u00e9vadban kimagasl\u00f3 m\u0171v\u00e9szeti teljes\u00edtm\u00e9nyt ny\u00fajt\u00f3 35 \u00e9ven aluli sz\u00ednm\u0171v\u00e9szt illeti meg. Mivel a t\u00e1rsulat tagjai d\u00f6ntenek a d\u00edj oda\u00edt\u00e9l\u00e9s\u00e9r\u0151l, ez a legn\u00edv\u00f3sabb szakmai elismer\u00e9si lehet\u0151s\u00e9g az ifj\u00fa sz\u00edn\u00e9szek sz\u00e1m\u00e1ra. Egyben ir\u00e1nymutat\u00e1sk\u00e9nt is szolg\u00e1l a k\u00f6z\u00f6ss\u00e9gnek, hogy tud-e az adott szervezet p\u00e9ldak\u00e9pet, kimagasl\u00f3 \u00e9letm\u0171vet, tevek\u00e9nys\u00e9get<\/p>\n","protected":false},"author":1,"featured_media":0,"parent":0,"menu_order":0,"comment_status":"closed","ping_status":"closed","template":"","meta":{"_monsterinsights_skip_tracking":false,"_monsterinsights_sitenote_active":false,"_monsterinsights_sitenote_note":"","_monsterinsights_sitenote_category":0,"footnotes":""},"class_list":["post-1164","page","type-page","status-publish","hentry"],"aioseo_notices":[],"_links":{"self":[{"href":"https:\/\/xn--szomszdsrc-04a6g.hu\/kardossgeza\/wp-json\/wp\/v2\/pages\/1164","targetHints":{"allow":["GET"]}}],"collection":[{"href":"https:\/\/xn--szomszdsrc-04a6g.hu\/kardossgeza\/wp-json\/wp\/v2\/pages"}],"about":[{"href":"https:\/\/xn--szomszdsrc-04a6g.hu\/kardossgeza\/wp-json\/wp\/v2\/types\/page"}],"author":[{"embeddable":true,"href":"https:\/\/xn--szomszdsrc-04a6g.hu\/kardossgeza\/wp-json\/wp\/v2\/users\/1"}],"replies":[{"embeddable":true,"href":"https:\/\/xn--szomszdsrc-04a6g.hu\/kardossgeza\/wp-json\/wp\/v2\/comments?post=1164"}],"version-history":[{"count":6,"href":"https:\/\/xn--szomszdsrc-04a6g.hu\/kardossgeza\/wp-json\/wp\/v2\/pages\/1164\/revisions"}],"predecessor-version":[{"id":1189,"href":"https:\/\/xn--szomszdsrc-04a6g.hu\/kardossgeza\/wp-json\/wp\/v2\/pages\/1164\/revisions\/1189"}],"wp:attachment":[{"href":"https:\/\/xn--szomszdsrc-04a6g.hu\/kardossgeza\/wp-json\/wp\/v2\/media?parent=1164"}],"curies":[{"name":"wp","href":"https:\/\/api.w.org\/{rel}","templated":true}]}}