{"id":624,"date":"2021-05-06T09:17:43","date_gmt":"2021-05-06T09:17:43","guid":{"rendered":"https:\/\/bslthemes.com\/tastyc\/?page_id=624"},"modified":"2024-12-01T09:12:18","modified_gmt":"2024-12-01T09:12:18","slug":"kapcsolat","status":"publish","type":"page","link":"https:\/\/xn--szomszdsrc-04a6g.hu\/hethajdupanzio\/kapcsolat\/","title":{"rendered":"Kapcsolat"},"content":{"rendered":"\t\t<div data-elementor-type=\"wp-page\" data-elementor-id=\"624\" class=\"elementor elementor-624\">\n\t\t\t\t\t\t<section class=\"elementor-section elementor-top-section elementor-element elementor-element-022cbc0 elementor-section-full_width elementor-section-height-default elementor-section-height-default\" data-id=\"022cbc0\" data-element_type=\"section\">\n\t\t\t\t\t\t<div class=\"elementor-container elementor-column-gap-no\">\n\t\t\t\t\t<div class=\"elementor-column elementor-col-100 elementor-top-column elementor-element elementor-element-c880e8f\" data-id=\"c880e8f\" data-element_type=\"column\">\n\t\t\t<div class=\"elementor-widget-wrap elementor-element-populated\">\n\t\t\t\t\t\t<div class=\"elementor-element elementor-element-4e096b0 elementor-widget elementor-widget-tastyc-services\" data-id=\"4e096b0\" data-element_type=\"widget\" data-widget_type=\"tastyc-services.default\">\n\t\t\t\t<div class=\"elementor-widget-container\">\n\t\t\t\n\t\t<!-- container -->\n\t\t<div class=\"container\">\n\n\t\t<div class=\"row\">\n\t\t            <div class=\"col-lg-12\">\n\n            <!-- title -->\n            <div class=\"text-center\">\n                            <div class=\"tst-suptitle tst-suptitle-center tst-mb-15\">\n              \t<span >\n\t\t          \tKapcsolat\t\t        <\/span>\n              <\/div>\n                                          <h3 class=\"tst-title--h tst-mb-30\">\n              \t<span >\n\t\t          \tEl\u00e9rhet\u0151s\u00e9geink\t\t        <\/span>\n              <\/h3>\n                                          <p class=\"tst-text tst-title--desc tst-mb-60\">\n              \t<span >\n\t\t          \t\u00a0\t\t        <\/span>\n              <\/p>\n                          <\/div>\n            <!-- title end -->\n\n          <\/div>\n          \n          \t\t            <div class=\"col-lg-4\">\n\n            <!-- icon box -->\n            <div class=\"tst-icon-box tst-mb-60\">\n\t\t\t                              <img decoding=\"async\" src=\"https:\/\/xn--szomszdsrc-04a6g.hu\/hethajdupanzio\/wp-content\/uploads\/2021\/04\/icon-contact-email.png\" alt=\"\" class=\"tst-mb-30\" \/>\n              \t\t\t                              <h5 class=\"tst-mb-30\">\n              \t<span >\n\t        \t\t\u00cdrjon nek\u00fcnk\t        \t<\/span>\n              <\/h5>\n                                          <div class=\"tst-text\">\n              \t<div >\n\t        \t\t<p><a href=\"mailto:info@kalmarcoop.hu\">info@kalmarcoop.hu<\/a><\/p>\t        \t<\/div>\n              <\/div>\n                          <\/div>\n            <!-- icon box end -->\n\n          <\/div>\n                    <div class=\"col-lg-4\">\n\n            <!-- icon box -->\n            <div class=\"tst-icon-box tst-mb-60\">\n\t\t\t                              <img decoding=\"async\" src=\"https:\/\/xn--szomszdsrc-04a6g.hu\/hethajdupanzio\/wp-content\/uploads\/2021\/04\/icon-contact-tel.png\" alt=\"\" class=\"tst-mb-30\" \/>\n              \t\t\t                              <h5 class=\"tst-mb-30\">\n              \t<span >\n\t        \t\tH\u00edvjon minket\t        \t<\/span>\n              <\/h5>\n                                          <div class=\"tst-text\">\n              \t<div >\n\t        \t\t<a href=\"tel:+36209171719\">+36 20 917 17 19<\/a><br><a href=\"tel:+36206652428\">+36 20 665 24 28<\/a>\t        \t<\/div>\n              <\/div>\n                          <\/div>\n            <!-- icon box end -->\n\n          <\/div>\n                    <div class=\"col-lg-4\">\n\n            <!-- icon box -->\n            <div class=\"tst-icon-box tst-mb-60\">\n\t\t\t                              <img decoding=\"async\" src=\"https:\/\/xn--szomszdsrc-04a6g.hu\/hethajdupanzio\/wp-content\/uploads\/2021\/04\/icon-contact-adr.png\" alt=\"\" class=\"tst-mb-30\" \/>\n              \t\t\t                              <h5 class=\"tst-mb-30\">\n              \t<span >\n\t        \t\tL\u00e1togasson meg benn\u00fcnket\t        \t<\/span>\n              <\/h5>\n                                          <div class=\"tst-text\">\n              \t<div >\n\t        \t\t<p><a href=\"https:\/\/maps.app.goo.gl\/ht2SVp4LkRLmgCxu5\" target=\"_blank\" rel=\"noopener\">4220 Hajd\u00fab\u00f6sz\u00f6rm\u00e9ny Baltaz\u00e1r Dezs\u0151 utca 101.<\/a><\/p>\t        \t<\/div>\n              <\/div>\n                          <\/div>\n            <!-- icon box end -->\n\n          <\/div>\n                    \n        <\/div>\n\n        <div class=\"tst-spacer tst-spacer-only-bottom-space\"><\/div>\n\n\t\t<\/div>\n\t\t<!-- container end -->\n\n\t\t\t\t<\/div>\n\t\t\t\t<\/div>\n\t\t\t\t<div class=\"elementor-element elementor-element-bc177bb elementor-widget elementor-widget-text-editor\" data-id=\"bc177bb\" data-element_type=\"widget\" data-widget_type=\"text-editor.default\">\n\t\t\t\t<div class=\"elementor-widget-container\">\n\t\t\t\t\t\t\t<div style=\"padding-left: 25%; padding-right: 25%;\"><iframe style=\"border: 0;\" src=\"https:\/\/www.google.com\/maps\/embed?pb=!1m18!1m12!1m3!1d671.7757272255793!2d21.5155398!3d47.6629972!2m3!1f0!2f0!3f0!3m2!1i1024!2i768!4f13.1!3m3!1m2!1s0x47476b1e51d457ab%3A0xe9df0601c592a8c2!2zSGFqZMO6YsO2c3rDtnJtw6lueSwgQmFsdGF6w6FyIERlenPFkSB1dGNhIDEwMSwgNDIyMA!5e0!3m2!1shu!2shu!4v1730196948007!5m2!1shu!2shu\" width=\"100%\" height=\"400\" allowfullscreen=\"allowfullscreen\"><\/iframe><\/div><div class=\"tst-spacer tst-spacer-only-bottom-space\">\u00a0<\/div>\t\t\t\t\t\t<\/div>\n\t\t\t\t<\/div>\n\t\t\t\t\t<\/div>\n\t\t<\/div>\n\t\t\t\t\t<\/div>\n\t\t<\/section>\n\t\t<div class=\"elementor-element elementor-element-ed1e813 e-flex e-con-boxed e-con e-parent\" data-id=\"ed1e813\" data-element_type=\"container\">\n\t\t\t\t\t<div class=\"e-con-inner\">\n\t\t\t\t<div class=\"elementor-element elementor-element-23df76d elementor-widget elementor-widget-tastyc-subscribe-form\" data-id=\"23df76d\" data-element_type=\"widget\" data-widget_type=\"tastyc-subscribe-form.default\">\n\t\t\t\t<div class=\"elementor-widget-container\">\n\t\t\t\n\t\t<!-- container -->\n\t\t<div class=\"container\">\n\n\t\t<div class=\"tst-banner-sm\">\n                    <div class=\"tst-cover-frame\">\n          \t            <img decoding=\"async\" src=\"https:\/\/xn--szomszdsrc-04a6g.hu\/hethajdupanzio\/wp-content\/uploads\/2024\/10\/12221468.jpg\" alt=\"Iratkozzon fel h\u00edrlevel\u00fcnkre\" class=\"tst-cover\">\n        \t            <div class=\"tst-overlay\"><\/div>\n          <\/div>\n                    <div class=\"row align-items-center\">\n            <div class=\"col-lg-12\">\n              <div class=\"tst-text-frame text-center\">\n              \t                <div class=\"tst-suptitle tst-suptitle-mobile-center tst-suptitle-center tst-text-shadow tst-white-2 tst-mb-15\">\n                \t<span >\n\t\t          \t\tIratkozzon fel h\u00edrlevel\u00fcnkre\t\t         \t<\/span>\n                <\/div>\n                                                <h2 class=\"tst-title--h tst-white-2 tst-text-shadow tst-mb-30\">\n            \t\t<span >\n\t\t          \t\tIratkozzon fel h\u00edrlevel\u00fcnkre\t\t         \t<\/span>\n            \t<\/h2>\n            \t                                <p class=\"tst-text tst-white-2 tst-text-shadow tst-mb-30\">\n                \t<span >\n\t\t          \t\tA feliratkoz\u00e1s gombbal \u00f6n elfogadja az adatkezel\u00e9si t\u00e1j\u00e9koztat\u00f3t \u00e9s a benne foglaltakat.<br> Az adatkezel\u00e9si t\u00e1j\u00e9koztat\u00f3t <a href=\"www.google.com\" target=\"_blank\">ide kattintva<\/a> olvashatja el.\t\t         \t<\/span>\n                <\/p>\n                                                \t\n<div class=\"wpcf7 no-js\" id=\"wpcf7-f368-o1\" lang=\"en-US\" dir=\"ltr\">\n<div class=\"screen-reader-response\"><p role=\"status\" aria-live=\"polite\" aria-atomic=\"true\"><\/p> <ul><\/ul><\/div>\n<form action=\"\/hethajdupanzio\/wp-json\/wp\/v2\/pages\/624#wpcf7-f368-o1\" method=\"post\" class=\"wpcf7-form init\" aria-label=\"Contact form\" novalidate=\"novalidate\" data-status=\"init\">\n<div style=\"display: none;\">\n<input type=\"hidden\" name=\"_wpcf7\" value=\"368\" \/>\n<input type=\"hidden\" name=\"_wpcf7_version\" value=\"5.9.8\" \/>\n<input type=\"hidden\" name=\"_wpcf7_locale\" value=\"en_US\" \/>\n<input type=\"hidden\" name=\"_wpcf7_unit_tag\" value=\"wpcf7-f368-o1\" \/>\n<input type=\"hidden\" name=\"_wpcf7_container_post\" value=\"0\" \/>\n<input type=\"hidden\" name=\"_wpcf7_posted_data_hash\" value=\"\" \/>\n<\/div>\n<span class=\"wpcf7-form-control-wrap\" data-name=\"sf_email\"><input size=\"40\" maxlength=\"400\" class=\"wpcf7-form-control wpcf7-email wpcf7-validates-as-required wpcf7-text wpcf7-validates-as-email\" aria-required=\"true\" aria-invalid=\"false\" placeholder=\"K\u00e9rj\u00fck adja meg e-mail c\u00edm\u00e9t\" value=\"\" type=\"email\" name=\"sf_email\" \/><\/span>\n<button class=\"tst-btn\" type=\"submit\">Feliratkoz\u00e1s<\/button><div class=\"wpcf7-response-output\" aria-hidden=\"true\"><\/div>\n<\/form>\n<\/div>\n                              <\/div>\n            <\/div>\n          <\/div>\n        <\/div>\n\n\t\t<\/div>\n\t\t<!-- container end -->\n\n\t\t\t\t<\/div>\n\t\t\t\t<\/div>\n\t\t\t\t\t<\/div>\n\t\t\t\t<\/div>\n\t\t\t\t<\/div>\n\t\t","protected":false},"excerpt":{"rendered":"<p>Kapcsolat El\u00e9rhet\u0151s\u00e9geink \u00a0 \u00cdrjon nek\u00fcnk info@kalmarcoop.hu H\u00edvjon minket +36 20 917 17 19+36 20 665 24 28 L\u00e1togasson meg benn\u00fcnket 4220 Hajd\u00fab\u00f6sz\u00f6rm\u00e9ny Baltaz\u00e1r Dezs\u0151 utca 101. \u00a0 Iratkozzon fel h\u00edrlevel\u00fcnkre Iratkozzon fel h\u00edrlevel\u00fcnkre A feliratkoz\u00e1s gombbal \u00f6n elfogadja az adatkezel\u00e9si t\u00e1j\u00e9koztat\u00f3t \u00e9s a benne foglaltakat. Az adatkezel\u00e9si t\u00e1j\u00e9koztat\u00f3t ide kattintva olvashatja el. Feliratkoz\u00e1s<\/p>\n","protected":false},"author":1,"featured_media":0,"parent":0,"menu_order":0,"comment_status":"closed","ping_status":"closed","template":"","meta":{"_acf_changed":false,"_monsterinsights_skip_tracking":false,"_monsterinsights_sitenote_active":false,"_monsterinsights_sitenote_note":"","_monsterinsights_sitenote_category":0,"footnotes":""},"class_list":["post-624","page","type-page","status-publish","hentry"],"acf":[],"aioseo_notices":[],"_links":{"self":[{"href":"https:\/\/xn--szomszdsrc-04a6g.hu\/hethajdupanzio\/wp-json\/wp\/v2\/pages\/624","targetHints":{"allow":["GET"]}}],"collection":[{"href":"https:\/\/xn--szomszdsrc-04a6g.hu\/hethajdupanzio\/wp-json\/wp\/v2\/pages"}],"about":[{"href":"https:\/\/xn--szomszdsrc-04a6g.hu\/hethajdupanzio\/wp-json\/wp\/v2\/types\/page"}],"author":[{"embeddable":true,"href":"https:\/\/xn--szomszdsrc-04a6g.hu\/hethajdupanzio\/wp-json\/wp\/v2\/users\/1"}],"replies":[{"embeddable":true,"href":"https:\/\/xn--szomszdsrc-04a6g.hu\/hethajdupanzio\/wp-json\/wp\/v2\/comments?post=624"}],"version-history":[{"count":33,"href":"https:\/\/xn--szomszdsrc-04a6g.hu\/hethajdupanzio\/wp-json\/wp\/v2\/pages\/624\/revisions"}],"predecessor-version":[{"id":3494,"href":"https:\/\/xn--szomszdsrc-04a6g.hu\/hethajdupanzio\/wp-json\/wp\/v2\/pages\/624\/revisions\/3494"}],"wp:attachment":[{"href":"https:\/\/xn--szomszdsrc-04a6g.hu\/hethajdupanzio\/wp-json\/wp\/v2\/media?parent=624"}],"curies":[{"name":"wp","href":"https:\/\/api.w.org\/{rel}","templated":true}]}}